{"id":27,"date":"2023-08-11T07:30:23","date_gmt":"2023-08-11T07:30:23","guid":{"rendered":"https:\/\/web4.rkinformatika.net\/melieconeldiseno\/?page_id=27"},"modified":"2024-04-19T14:43:18","modified_gmt":"2024-04-19T14:43:18","slug":"servicios","status":"publish","type":"page","link":"https:\/\/vanittyshop.es\/eu\/servicios\/","title":{"rendered":"Zerbitzuak"},"content":{"rendered":"<div data-elementor-type=\"wp-page\" data-elementor-id=\"27\" class=\"elementor elementor-27\" data-elementor-post-type=\"page\">\n\t\t\t\t\t\t<section class=\"elementor-section elementor-top-section elementor-element elementor-element-6f151587 elementor-section-boxed elementor-section-height-default elementor-section-height-default\" data-id=\"6f151587\" data-element_type=\"section\" data-e-type=\"section\" data-settings=\"{&quot;background_background&quot;:&quot;classic&quot;}\">\n\t\t\t\t\t\t<div class=\"elementor-container elementor-column-gap-default\">\n\t\t\t\t\t<div class=\"elementor-column elementor-col-100 elementor-top-column elementor-element elementor-element-46981a3f\" data-id=\"46981a3f\" data-element_type=\"column\" data-e-type=\"column\">\n\t\t\t<div class=\"elementor-widget-wrap\">\n\t\t\t\t\t\t\t<\/div>\n\t\t<\/div>\n\t\t\t\t\t<\/div>\n\t\t<\/section>\n\t\t\t\t<section class=\"elementor-section elementor-top-section elementor-element elementor-element-271b2d4 elementor-section-boxed elementor-section-height-default elementor-section-height-default\" data-id=\"271b2d4\" data-element_type=\"section\" data-e-type=\"section\" data-settings=\"{&quot;background_background&quot;:&quot;classic&quot;}\">\n\t\t\t\t\t\t<div class=\"elementor-container elementor-column-gap-default\">\n\t\t\t\t\t<div class=\"elementor-column elementor-col-50 elementor-top-column elementor-element elementor-element-6bd92f2d\" data-id=\"6bd92f2d\" data-element_type=\"column\" data-e-type=\"column\">\n\t\t\t<div class=\"elementor-widget-wrap elementor-element-populated\">\n\t\t\t\t\t\t<div class=\"elementor-element elementor-element-2cad5f18 elementor-widget elementor-widget-image\" data-id=\"2cad5f18\" data-element_type=\"widget\" data-e-type=\"widget\" data-widget_type=\"image.default\">\n\t\t\t\t<div class=\"elementor-widget-container\">\n\t\t\t\t\t\t\t\t\t\t\t\t\t\t\t<img fetchpriority=\"high\" decoding=\"async\" width=\"659\" height=\"726\" src=\"https:\/\/vanittyshop.es\/wp-content\/uploads\/2023\/08\/our-services-1.png\" class=\"attachment-full size-full wp-image-244\" alt=\"\" srcset=\"https:\/\/vanittyshop.es\/wp-content\/uploads\/2023\/08\/our-services-1.png 659w, https:\/\/vanittyshop.es\/wp-content\/uploads\/2023\/08\/our-services-1-272x300.png 272w, https:\/\/vanittyshop.es\/wp-content\/uploads\/2023\/08\/our-services-1-11x12.png 11w\" sizes=\"(max-width: 659px) 100vw, 659px\" \/>\t\t\t\t\t\t\t\t\t\t\t\t\t\t\t<\/div>\n\t\t\t\t<\/div>\n\t\t\t\t<div class=\"elementor-element elementor-element-1f9f8dd5 elementor-widget__width-initial elementor-absolute elementor-widget elementor-widget-image\" data-id=\"1f9f8dd5\" data-element_type=\"widget\" data-e-type=\"widget\" data-settings=\"{&quot;_position&quot;:&quot;absolute&quot;}\" data-widget_type=\"image.default\">\n\t\t\t\t<div class=\"elementor-widget-container\">\n\t\t\t\t\t\t\t\t\t\t\t\t\t\t\t<img decoding=\"async\" width=\"221\" height=\"222\" src=\"https:\/\/vanittyshop.es\/wp-content\/uploads\/2023\/08\/grid.png\" class=\"attachment-full size-full wp-image-100\" alt=\"\" srcset=\"https:\/\/vanittyshop.es\/wp-content\/uploads\/2023\/08\/grid.png 221w, https:\/\/vanittyshop.es\/wp-content\/uploads\/2023\/08\/grid-150x150.png 150w, https:\/\/vanittyshop.es\/wp-content\/uploads\/2023\/08\/grid-12x12.png 12w\" sizes=\"(max-width: 221px) 100vw, 221px\" \/>\t\t\t\t\t\t\t\t\t\t\t\t\t\t\t<\/div>\n\t\t\t\t<\/div>\n\t\t\t\t\t<\/div>\n\t\t<\/div>\n\t\t\t\t<div class=\"elementor-column elementor-col-50 elementor-top-column elementor-element elementor-element-5b55939e\" data-id=\"5b55939e\" data-element_type=\"column\" data-e-type=\"column\">\n\t\t\t<div class=\"elementor-widget-wrap elementor-element-populated\">\n\t\t\t\t\t\t<div class=\"elementor-element elementor-element-2c95107 elementor-widget elementor-widget-heading\" data-id=\"2c95107\" data-element_type=\"widget\" data-e-type=\"widget\" data-widget_type=\"heading.default\">\n\t\t\t\t<div class=\"elementor-widget-container\">\n\t\t\t\t\t<h2 class=\"elementor-heading-title elementor-size-default\">Nuestros servicios<\/h2>\t\t\t\t<\/div>\n\t\t\t\t<\/div>\n\t\t\t\t<div class=\"elementor-element elementor-element-160f5743 elementor-widget elementor-widget-heading\" data-id=\"160f5743\" data-element_type=\"widget\" data-e-type=\"widget\" data-widget_type=\"heading.default\">\n\t\t\t\t<div class=\"elementor-widget-container\">\n\t\t\t\t\t<h2 class=\"elementor-heading-title elementor-size-default\">Nuestro equipo est\u00e1 dedicado a garantizar que cada cliente salga de nuestra tienda sinti\u00e9ndose seguro y satisfecho con su compra, y siempre estamos disponibles para ofrecer cualquier consejo o ayuda que pueda ser necesaria. Nuestra amplia selecci\u00f3n de ropa satisface una amplia gama de estilos y preferencias, por lo que ya sea que est\u00e9 buscando algo cl\u00e1sico y atemporal o algo audaz y de moda, estamos seguros de que tenemos el art\u00edculo perfecto para usted. Vis\u00edtanos y experimenta por ti mismo nuestro excepcional servicio apoyado por una selecci\u00f3n de la mejores marcas.<\/h2>\t\t\t\t<\/div>\n\t\t\t\t<\/div>\n\t\t\t\t<div class=\"elementor-element elementor-element-cf9e95 elementor-align-center elementor-widget elementor-widget-button\" data-id=\"cf9e95\" data-element_type=\"widget\" data-e-type=\"widget\" data-widget_type=\"button.default\">\n\t\t\t\t<div class=\"elementor-widget-container\">\n\t\t\t\t\t\t\t\t\t<div class=\"elementor-button-wrapper\">\n\t\t\t\t\t<a class=\"elementor-button elementor-button-link elementor-size-sm\" href=\"https:\/\/vanittyshop.es\/eu\/contacto\/\">\n\t\t\t\t\t\t<span class=\"elementor-button-content-wrapper\">\n\t\t\t\t\t\t\t\t\t<span class=\"elementor-button-text\">Contactanos<\/span>\n\t\t\t\t\t<\/span>\n\t\t\t\t\t<\/a>\n\t\t\t\t<\/div>\n\t\t\t\t\t\t\t\t<\/div>\n\t\t\t\t<\/div>\n\t\t\t\t\t<\/div>\n\t\t<\/div>\n\t\t\t\t\t<\/div>\n\t\t<\/section>\n\t\t\t\t<\/div>","protected":false},"excerpt":{"rendered":"<p>Nuestros servicios Nuestro equipo est\u00e1 dedicado a garantizar que cada cliente salga de nuestra tienda sinti\u00e9ndose seguro y satisfecho con su compra, y siempre estamos disponibles para ofrecer cualquier consejo o ayuda que pueda ser necesaria. Nuestra amplia selecci\u00f3n de ropa satisface una amplia gama de estilos y preferencias, por lo que ya sea que [&hellip;]<\/p>\n","protected":false},"author":1,"featured_media":348,"parent":0,"menu_order":0,"comment_status":"closed","ping_status":"closed","template":"elementor_canvas","meta":{"footnotes":""},"class_list":["post-27","page","type-page","status-publish","has-post-thumbnail","hentry"],"yoast_head":"<!-- This site is optimized with the Yoast SEO plugin v27.5 - https:\/\/yoast.com\/product\/yoast-seo-wordpress\/ -->\n<title>Servicios - Vanitty Shop<\/title>\n<meta name=\"robots\" content=\"index, follow, max-snippet:-1, max-image-preview:large, max-video-preview:-1\" \/>\n<link rel=\"canonical\" href=\"https:\/\/vanittyshop.es\/eu\/servicios\/\" \/>\n<meta property=\"og:locale\" content=\"en_US\" \/>\n<meta property=\"og:type\" content=\"article\" \/>\n<meta property=\"og:title\" content=\"Servicios - Vanitty Shop\" \/>\n<meta property=\"og:description\" content=\"Nuestros servicios Nuestro equipo est\u00e1 dedicado a garantizar que cada cliente salga de nuestra tienda sinti\u00e9ndose seguro y satisfecho con su compra, y siempre estamos disponibles para ofrecer cualquier consejo o ayuda que pueda ser necesaria. Nuestra amplia selecci\u00f3n de ropa satisface una amplia gama de estilos y preferencias, por lo que ya sea que [&hellip;]\" \/>\n<meta property=\"og:url\" content=\"https:\/\/vanittyshop.es\/eu\/servicios\/\" \/>\n<meta property=\"og:site_name\" content=\"Vanitty Shop\" \/>\n<meta property=\"article:modified_time\" content=\"2024-04-19T14:43:18+00:00\" \/>\n<meta property=\"og:image\" content=\"https:\/\/vanittyshop.es\/wp-content\/uploads\/2023\/08\/cropped-Captura-desde-2023-08-11-09-49-19.png\" \/>\n\t<meta property=\"og:image:width\" content=\"512\" \/>\n\t<meta property=\"og:image:height\" content=\"512\" \/>\n\t<meta property=\"og:image:type\" content=\"image\/png\" \/>\n<meta name=\"twitter:card\" content=\"summary_large_image\" \/>\n<meta name=\"twitter:label1\" content=\"Est. reading time\" \/>\n\t<meta name=\"twitter:data1\" content=\"1 minutua\" \/>\n<script type=\"application\/ld+json\" class=\"yoast-schema-graph\">{\"@context\":\"https:\\\/\\\/schema.org\",\"@graph\":[{\"@type\":\"WebPage\",\"@id\":\"https:\\\/\\\/vanittyshop.es\\\/servicios\\\/\",\"url\":\"https:\\\/\\\/vanittyshop.es\\\/servicios\\\/\",\"name\":\"Servicios - Vanitty Shop\",\"isPartOf\":{\"@id\":\"https:\\\/\\\/vanittyshop.es\\\/#website\"},\"primaryImageOfPage\":{\"@id\":\"https:\\\/\\\/vanittyshop.es\\\/servicios\\\/#primaryimage\"},\"image\":{\"@id\":\"https:\\\/\\\/vanittyshop.es\\\/servicios\\\/#primaryimage\"},\"thumbnailUrl\":\"https:\\\/\\\/vanittyshop.es\\\/wp-content\\\/uploads\\\/2023\\\/08\\\/cropped-Captura-desde-2023-08-11-09-49-19.png\",\"datePublished\":\"2023-08-11T07:30:23+00:00\",\"dateModified\":\"2024-04-19T14:43:18+00:00\",\"breadcrumb\":{\"@id\":\"https:\\\/\\\/vanittyshop.es\\\/servicios\\\/#breadcrumb\"},\"inLanguage\":\"eu\",\"potentialAction\":[{\"@type\":\"ReadAction\",\"target\":[\"https:\\\/\\\/vanittyshop.es\\\/servicios\\\/\"]}]},{\"@type\":\"ImageObject\",\"inLanguage\":\"eu\",\"@id\":\"https:\\\/\\\/vanittyshop.es\\\/servicios\\\/#primaryimage\",\"url\":\"https:\\\/\\\/vanittyshop.es\\\/wp-content\\\/uploads\\\/2023\\\/08\\\/cropped-Captura-desde-2023-08-11-09-49-19.png\",\"contentUrl\":\"https:\\\/\\\/vanittyshop.es\\\/wp-content\\\/uploads\\\/2023\\\/08\\\/cropped-Captura-desde-2023-08-11-09-49-19.png\",\"width\":512,\"height\":512},{\"@type\":\"BreadcrumbList\",\"@id\":\"https:\\\/\\\/vanittyshop.es\\\/servicios\\\/#breadcrumb\",\"itemListElement\":[{\"@type\":\"ListItem\",\"position\":1,\"name\":\"Portada\",\"item\":\"https:\\\/\\\/vanittyshop.es\\\/\"},{\"@type\":\"ListItem\",\"position\":2,\"name\":\"Servicios\"}]},{\"@type\":\"WebSite\",\"@id\":\"https:\\\/\\\/vanittyshop.es\\\/#website\",\"url\":\"https:\\\/\\\/vanittyshop.es\\\/\",\"name\":\"Vanitty Shop\",\"description\":\"\",\"potentialAction\":[{\"@type\":\"SearchAction\",\"target\":{\"@type\":\"EntryPoint\",\"urlTemplate\":\"https:\\\/\\\/vanittyshop.es\\\/?s={search_term_string}\"},\"query-input\":{\"@type\":\"PropertyValueSpecification\",\"valueRequired\":true,\"valueName\":\"search_term_string\"}}],\"inLanguage\":\"eu\"}]}<\/script>\n<!-- \/ Yoast SEO plugin. -->","yoast_head_json":{"title":"Servicios - Vanitty Shop","robots":{"index":"index","follow":"follow","max-snippet":"max-snippet:-1","max-image-preview":"max-image-preview:large","max-video-preview":"max-video-preview:-1"},"canonical":"https:\/\/vanittyshop.es\/eu\/servicios\/","og_locale":"en_US","og_type":"article","og_title":"Servicios - Vanitty Shop","og_description":"Nuestros servicios Nuestro equipo est\u00e1 dedicado a garantizar que cada cliente salga de nuestra tienda sinti\u00e9ndose seguro y satisfecho con su compra, y siempre estamos disponibles para ofrecer cualquier consejo o ayuda que pueda ser necesaria. Nuestra amplia selecci\u00f3n de ropa satisface una amplia gama de estilos y preferencias, por lo que ya sea que [&hellip;]","og_url":"https:\/\/vanittyshop.es\/eu\/servicios\/","og_site_name":"Vanitty Shop","article_modified_time":"2024-04-19T14:43:18+00:00","og_image":[{"width":512,"height":512,"url":"https:\/\/vanittyshop.es\/wp-content\/uploads\/2023\/08\/cropped-Captura-desde-2023-08-11-09-49-19.png","type":"image\/png"}],"twitter_card":"summary_large_image","twitter_misc":{"Est. reading time":"1 minutua"},"schema":{"@context":"https:\/\/schema.org","@graph":[{"@type":"WebPage","@id":"https:\/\/vanittyshop.es\/servicios\/","url":"https:\/\/vanittyshop.es\/servicios\/","name":"Servicios - Vanitty Shop","isPartOf":{"@id":"https:\/\/vanittyshop.es\/#website"},"primaryImageOfPage":{"@id":"https:\/\/vanittyshop.es\/servicios\/#primaryimage"},"image":{"@id":"https:\/\/vanittyshop.es\/servicios\/#primaryimage"},"thumbnailUrl":"https:\/\/vanittyshop.es\/wp-content\/uploads\/2023\/08\/cropped-Captura-desde-2023-08-11-09-49-19.png","datePublished":"2023-08-11T07:30:23+00:00","dateModified":"2024-04-19T14:43:18+00:00","breadcrumb":{"@id":"https:\/\/vanittyshop.es\/servicios\/#breadcrumb"},"inLanguage":"eu","potentialAction":[{"@type":"ReadAction","target":["https:\/\/vanittyshop.es\/servicios\/"]}]},{"@type":"ImageObject","inLanguage":"eu","@id":"https:\/\/vanittyshop.es\/servicios\/#primaryimage","url":"https:\/\/vanittyshop.es\/wp-content\/uploads\/2023\/08\/cropped-Captura-desde-2023-08-11-09-49-19.png","contentUrl":"https:\/\/vanittyshop.es\/wp-content\/uploads\/2023\/08\/cropped-Captura-desde-2023-08-11-09-49-19.png","width":512,"height":512},{"@type":"BreadcrumbList","@id":"https:\/\/vanittyshop.es\/servicios\/#breadcrumb","itemListElement":[{"@type":"ListItem","position":1,"name":"Portada","item":"https:\/\/vanittyshop.es\/"},{"@type":"ListItem","position":2,"name":"Servicios"}]},{"@type":"WebSite","@id":"https:\/\/vanittyshop.es\/#website","url":"https:\/\/vanittyshop.es\/","name":"Vanitty Shop","description":"","potentialAction":[{"@type":"SearchAction","target":{"@type":"EntryPoint","urlTemplate":"https:\/\/vanittyshop.es\/?s={search_term_string}"},"query-input":{"@type":"PropertyValueSpecification","valueRequired":true,"valueName":"search_term_string"}}],"inLanguage":"eu"}]}},"_links":{"self":[{"href":"https:\/\/vanittyshop.es\/eu\/wp-json\/wp\/v2\/pages\/27","targetHints":{"allow":["GET"]}}],"collection":[{"href":"https:\/\/vanittyshop.es\/eu\/wp-json\/wp\/v2\/pages"}],"about":[{"href":"https:\/\/vanittyshop.es\/eu\/wp-json\/wp\/v2\/types\/page"}],"author":[{"embeddable":true,"href":"https:\/\/vanittyshop.es\/eu\/wp-json\/wp\/v2\/users\/1"}],"replies":[{"embeddable":true,"href":"https:\/\/vanittyshop.es\/eu\/wp-json\/wp\/v2\/comments?post=27"}],"version-history":[{"count":53,"href":"https:\/\/vanittyshop.es\/eu\/wp-json\/wp\/v2\/pages\/27\/revisions"}],"predecessor-version":[{"id":750,"href":"https:\/\/vanittyshop.es\/eu\/wp-json\/wp\/v2\/pages\/27\/revisions\/750"}],"wp:featuredmedia":[{"embeddable":true,"href":"https:\/\/vanittyshop.es\/eu\/wp-json\/wp\/v2\/media\/348"}],"wp:attachment":[{"href":"https:\/\/vanittyshop.es\/eu\/wp-json\/wp\/v2\/media?parent=27"}],"curies":[{"name":"wp","href":"https:\/\/api.w.org\/{rel}","templated":true}]}}